{"id":253,"date":"2026-02-06T13:47:24","date_gmt":"2026-02-06T13:47:24","guid":{"rendered":"https:\/\/pilzezauber.com\/?page_id=253"},"modified":"2026-02-27T09:22:33","modified_gmt":"2026-02-27T09:22:33","slug":"algemene-voorwaarden","status":"publish","type":"page","link":"https:\/\/pilzezauber.com\/nl\/allgemeine-geschaeftsbedingungen\/","title":{"rendered":"Algemene voorwaarden"},"content":{"rendered":"<p>Deze Algemene Voorwaarden zijn van toepassing op alle bestellingen die via deze online shop worden geplaatst.<br>Door een bestelling te plaatsen, ga je akkoord met deze algemene voorwaarden.<br>Alle prijzen zijn inclusief wettelijke belastingen, tenzij anders vermeld.<br>Het contract wordt gesloten met de orderbevestiging.<\/p>\n\n\n\n<p>Als je geen orderbevestiging ontvangt, komt dat omdat deze in de SPAM-map terecht is gekomen of geblokkeerd is door je mailer of omdat je je e-mailadres verkeerd hebt ingevoerd.<\/p>\n\n\n\n<p>Controleer eerst je SPAM-map om er zeker van te zijn dat je INBOX niet vol is. Als je geen e-mail van ons kunt vinden, voer dan ons e-mailadres in je adresboek in en neem contact met ons op:<\/p>\n\n\n\n<p>info@pilzezauber.com<br><\/p>\n\n\n\n<p>De wettelijke garantie- en annuleringsrechten zijn van toepassing.<\/p>\n\n\n\n<p>Lees de informatie op <a href=\"https:\/\/pilzezauber.com\/nl\/restitutie_teruggaven\/\" data-type=\"page\" data-id=\"12\">Retourneren, ruilen en garantie<\/a> op de bijbehorende pagina op deze website.<\/p>","protected":false},"excerpt":{"rendered":"<p>Diese Allgemeinen Gesch\u00e4ftsbedingungen gelten f\u00fcr alle Bestellungen \u00fcber diesen Online-Shop.Mit Abschluss einer Bestellung erkl\u00e4rst du dich mit diesen Bedingungen einverstanden.Alle Preise verstehen sich inklusive der gesetzlichen Steuern, sofern nicht anders angegeben.Der Vertrag kommt mit der Bestellbest\u00e4tigung zustande. Wenn Du keine Bestellbest\u00e4igung erh\u00e4lst, dann liegt es daran, da\u00df sie entweder im SPAM Ordner gelandet ist oder [&hellip;]<\/p>\n","protected":false},"author":4,"featured_media":0,"parent":0,"menu_order":0,"comment_status":"closed","ping_status":"closed","template":"","meta":{"footnotes":""},"class_list":["post-253","page","type-page","status-publish","hentry"],"_links":{"self":[{"href":"https:\/\/pilzezauber.com\/nl\/wp-json\/wp\/v2\/pages\/253","targetHints":{"allow":["GET"]}}],"collection":[{"href":"https:\/\/pilzezauber.com\/nl\/wp-json\/wp\/v2\/pages"}],"about":[{"href":"https:\/\/pilzezauber.com\/nl\/wp-json\/wp\/v2\/types\/page"}],"author":[{"embeddable":true,"href":"https:\/\/pilzezauber.com\/nl\/wp-json\/wp\/v2\/users\/4"}],"replies":[{"embeddable":true,"href":"https:\/\/pilzezauber.com\/nl\/wp-json\/wp\/v2\/comments?post=253"}],"version-history":[{"count":2,"href":"https:\/\/pilzezauber.com\/nl\/wp-json\/wp\/v2\/pages\/253\/revisions"}],"predecessor-version":[{"id":648,"href":"https:\/\/pilzezauber.com\/nl\/wp-json\/wp\/v2\/pages\/253\/revisions\/648"}],"wp:attachment":[{"href":"https:\/\/pilzezauber.com\/nl\/wp-json\/wp\/v2\/media?parent=253"}],"curies":[{"name":"wp","href":"https:\/\/api.w.org\/{rel}","templated":true}]}}