{"id":253,"date":"2026-02-06T13:47:24","date_gmt":"2026-02-06T13:47:24","guid":{"rendered":"https:\/\/pilzezauber.com\/?page_id=253"},"modified":"2026-02-27T09:22:33","modified_gmt":"2026-02-27T09:22:33","slug":"general-terms-and-conditions","status":"publish","type":"page","link":"https:\/\/pilzezauber.com\/en\/allgemeine-geschaeftsbedingungen\/","title":{"rendered":"General Terms and Conditions"},"content":{"rendered":"<p>These General Terms and Conditions apply to all orders placed via this online store.<br>By placing an order, you agree to these terms and conditions.<br>All prices are inclusive of statutory taxes unless otherwise stated.<br>The contract is concluded with the order confirmation.<\/p>\n\n\n\n<p>If you do not receive an order confirmation, it is because it has either ended up in the SPAM folder or has been blocked by your mailer or you have entered your e-mail address incorrectly.<\/p>\n\n\n\n<p>First check your SPAM folder to make sure your INBOX is not full. If you can't find an e-mail from us, enter our e-mail in your address book and contact us:<\/p>\n\n\n\n<p>info@pilzezauber.com<br><\/p>\n\n\n\n<p>The statutory warranty and revocation rights apply.<\/p>\n\n\n\n<p>Please read the information on <a href=\"https:\/\/pilzezauber.com\/en\/refund_returns\/\" data-type=\"page\" data-id=\"12\">Return, exchange and warranty<\/a> on the corresponding page on this website.<\/p>","protected":false},"excerpt":{"rendered":"<p>Diese Allgemeinen Gesch\u00e4ftsbedingungen gelten f\u00fcr alle Bestellungen \u00fcber diesen Online-Shop.Mit Abschluss einer Bestellung erkl\u00e4rst du dich mit diesen Bedingungen einverstanden.Alle Preise verstehen sich inklusive der gesetzlichen Steuern, sofern nicht anders angegeben.Der Vertrag kommt mit der Bestellbest\u00e4tigung zustande. Wenn Du keine Bestellbest\u00e4igung erh\u00e4lst, dann liegt es daran, da\u00df sie entweder im SPAM Ordner gelandet ist oder [&hellip;]<\/p>\n","protected":false},"author":4,"featured_media":0,"parent":0,"menu_order":0,"comment_status":"closed","ping_status":"closed","template":"","meta":{"footnotes":""},"class_list":["post-253","page","type-page","status-publish","hentry"],"_links":{"self":[{"href":"https:\/\/pilzezauber.com\/en\/wp-json\/wp\/v2\/pages\/253","targetHints":{"allow":["GET"]}}],"collection":[{"href":"https:\/\/pilzezauber.com\/en\/wp-json\/wp\/v2\/pages"}],"about":[{"href":"https:\/\/pilzezauber.com\/en\/wp-json\/wp\/v2\/types\/page"}],"author":[{"embeddable":true,"href":"https:\/\/pilzezauber.com\/en\/wp-json\/wp\/v2\/users\/4"}],"replies":[{"embeddable":true,"href":"https:\/\/pilzezauber.com\/en\/wp-json\/wp\/v2\/comments?post=253"}],"version-history":[{"count":2,"href":"https:\/\/pilzezauber.com\/en\/wp-json\/wp\/v2\/pages\/253\/revisions"}],"predecessor-version":[{"id":648,"href":"https:\/\/pilzezauber.com\/en\/wp-json\/wp\/v2\/pages\/253\/revisions\/648"}],"wp:attachment":[{"href":"https:\/\/pilzezauber.com\/en\/wp-json\/wp\/v2\/media?parent=253"}],"curies":[{"name":"wp","href":"https:\/\/api.w.org\/{rel}","templated":true}]}}